{"id":43,"date":"2017-08-21T20:09:23","date_gmt":"2017-08-21T18:09:23","guid":{"rendered":"http:\/\/trentengermusek.org\/new\/?page_id=43"},"modified":"2020-06-24T19:49:43","modified_gmt":"2020-06-24T17:49:43","slug":"kontakt","status":"publish","type":"page","link":"http:\/\/trentengermusek.org\/new\/kontakt\/","title":{"rendered":"Kontakt"},"content":{"rendered":"<h2>Tr\u00ebntenger Musek a.s.b.l.<\/h2>\n<p><strong><em>Adress vum si\u00e8ge sociale (Musekssall):<\/em><\/strong><\/p>\n<p>4, rue de l&#8217;Ecole\u30fbL-5465 Waldbredimus<br \/>Tel: 23 66 74 70<\/p>\n<p><strong><em>Korresponmdenzadress:<\/em><\/strong><\/p>\n<p>Tr\u00ebntenger Musek a.s.b.l.<br \/>33, rue des jardins\u30fbL-5471 Wellenstein<\/p>\n<p><strong>E-mail:<\/strong> <a href=\"mailto:musek@trentengermusek.org\">musek@trentengermusek.org<\/a><\/p>\n<p>\t\t\t<iframe frameborder=\"0\" scrolling=\"no\" marginheight=\"0\" marginwidth=\"0\" src=\"https:\/\/maps.google.com\/maps?q=WAldbredimus%2C+rue+de+l%27ecole+3&amp;t=m&amp;z=17&amp;output=embed&amp;iwloc=near\"><\/iframe><br \/>\n\t\t\tMuseksprouwenEis Muskesprouwen sinn \u00ebmmer Freides vun 19.30 bis 21.30 Auer zu Waldbriedemes am Musekssall.<button type=\"button\">X<\/button><br \/>\n\t\t\t\u00cbnnerst\u00ebtz Tr\u00ebntenger MusekWann Dir d&#8217;Tr\u00ebntenger Musek w\u00ebllt e b\u00ebssen finanziell \u00ebnnerstezen kenn Dir dat g\u00e4re maachen andeems der eis e St\u00e9ck fir eisen n\u00e4chsten Concert sponsort oder Eiremember bei eis gidd.<\/p>\n<p><p>\nSch\u00e9ckt eis einfach eng Mail op musek@trentengermusek.org oder ruft eisem President um 35 91 76 oder 661 35 91 76 un.\t\t<\/p>\n<h3>Kontosnummeren vun der Tr\u00ebntenger Musek<\/h3>\n<p>CCRALULL<\/p>\n<p>IBAN LU40 0090 0000 0018 2709<\/p>\n<p>BNPALULL<\/p>\n<p>IBAN LU81 0030 1681 3063 0000<\/p>\n","protected":false},"excerpt":{"rendered":"<p>Tr\u00ebntenger Musek a.s.b.l. Adress vum si\u00e8ge sociale (Musekssall): 4, rue de l&#8217;Ecole\u30fbL-5465 WaldbredimusTel: 23 66 74 70 Korresponmdenzadress: Tr\u00ebntenger Musek a.s.b.l.33, rue des jardins\u30fbL-5471 Wellenstein E-mail: musek@trentengermusek.org MuseksprouwenEis Muskesprouwen sinn \u00ebmmer Freides vun 19.30 bis 21.30 Auer zu Waldbriedemes am Musekssall.X \u00cbnnerst\u00ebtz Tr\u00ebntenger MusekWann Dir d&#8217;Tr\u00ebntenger Musek w\u00ebllt e b\u00ebssen finanziell \u00ebnnerstezen kenn Dir dat \u2026<\/p>\n","protected":false},"author":1,"featured_media":0,"parent":0,"menu_order":0,"comment_status":"closed","ping_status":"closed","template":"","meta":{"footnotes":""},"class_list":["post-43","page","type-page","status-publish","hentry"],"_links":{"self":[{"href":"http:\/\/trentengermusek.org\/new\/wp-json\/wp\/v2\/pages\/43","targetHints":{"allow":["GET"]}}],"collection":[{"href":"http:\/\/trentengermusek.org\/new\/wp-json\/wp\/v2\/pages"}],"about":[{"href":"http:\/\/trentengermusek.org\/new\/wp-json\/wp\/v2\/types\/page"}],"author":[{"embeddable":true,"href":"http:\/\/trentengermusek.org\/new\/wp-json\/wp\/v2\/users\/1"}],"replies":[{"embeddable":true,"href":"http:\/\/trentengermusek.org\/new\/wp-json\/wp\/v2\/comments?post=43"}],"version-history":[{"count":7,"href":"http:\/\/trentengermusek.org\/new\/wp-json\/wp\/v2\/pages\/43\/revisions"}],"predecessor-version":[{"id":535,"href":"http:\/\/trentengermusek.org\/new\/wp-json\/wp\/v2\/pages\/43\/revisions\/535"}],"wp:attachment":[{"href":"http:\/\/trentengermusek.org\/new\/wp-json\/wp\/v2\/media?parent=43"}],"curies":[{"name":"wp","href":"https:\/\/api.w.org\/{rel}","templated":true}]}}