{"id":39,"date":"2017-08-21T20:08:42","date_gmt":"2017-08-21T18:08:42","guid":{"rendered":"http:\/\/trentengermusek.org\/new\/?page_id=39"},"modified":"2025-10-12T15:34:07","modified_gmt":"2025-10-12T13:34:07","slug":"agenda","status":"publish","type":"page","link":"http:\/\/trentengermusek.org\/new\/agenda\/","title":{"rendered":"Agenda"},"content":{"rendered":"<p>\t\t<img decoding=\"async\" src=\"http:\/\/trentengermusek.org\/new\/wp-content\/uploads\/elementor\/thumbs\/20150722071407_agendalogo4x-ngz7vjimfy2xwguhgc7834jsj71ilyz2udu552sasu.png\" title=\"20150722071407_agendalogo4x\" alt=\"20150722071407_agendalogo4x\" \/>\t\t<\/p>\n<h2>Manifestatiounen an Aktivit\u00e9iten vun der<br \/>\nTr\u00ebntenger Musek<\/h2>\n<h1 style=\"text-align: center;\">2025<\/h1>\n<p>8. November<\/p>\n<p>22. November<\/p>\n<p>14. Dezember<\/p>\n<p>H\u00e4mmelsmarsch zu Tr\u00ebnteng <\/p>\n<p>L\u00ebtzebuerger Owend zu Bous <\/p>\n<p>Chr\u00ebschtconcert zu Bous an der Kierch<\/p>\n<p>\u00a0<\/p>\n<p>\u00a0<\/p>\n<h1 style=\"text-align: center;\">2026<\/h1>\n<p>7. Februar<\/p>\n<p>6. Juni<\/p>\n<p>4.-5- Juli<\/p>\n<p>Fuesknietbacken zu Bous<\/p>\n<p>Galaconcert zu Ierpeld\u00e9ng<\/p>\n<p>Kiischtrefest zu Tr\u00ebnteng op der Duerfplaz<\/p>\n","protected":false},"excerpt":{"rendered":"<p>Manifestatiounen an Aktivit\u00e9iten vun der Tr\u00ebntenger Musek 2025 8. November 22. November 14. Dezember H\u00e4mmelsmarsch zu Tr\u00ebnteng L\u00ebtzebuerger Owend zu Bous Chr\u00ebschtconcert zu Bous an der Kierch \u00a0 \u00a0 2026 7. Februar 6. Juni 4.-5- Juli Fuesknietbacken zu Bous Galaconcert zu Ierpeld\u00e9ng Kiischtrefest zu Tr\u00ebnteng op der Duerfplaz<\/p>\n","protected":false},"author":1,"featured_media":0,"parent":0,"menu_order":0,"comment_status":"closed","ping_status":"closed","template":"","meta":{"footnotes":""},"class_list":["post-39","page","type-page","status-publish","hentry"],"_links":{"self":[{"href":"http:\/\/trentengermusek.org\/new\/wp-json\/wp\/v2\/pages\/39","targetHints":{"allow":["GET"]}}],"collection":[{"href":"http:\/\/trentengermusek.org\/new\/wp-json\/wp\/v2\/pages"}],"about":[{"href":"http:\/\/trentengermusek.org\/new\/wp-json\/wp\/v2\/types\/page"}],"author":[{"embeddable":true,"href":"http:\/\/trentengermusek.org\/new\/wp-json\/wp\/v2\/users\/1"}],"replies":[{"embeddable":true,"href":"http:\/\/trentengermusek.org\/new\/wp-json\/wp\/v2\/comments?post=39"}],"version-history":[{"count":14,"href":"http:\/\/trentengermusek.org\/new\/wp-json\/wp\/v2\/pages\/39\/revisions"}],"predecessor-version":[{"id":790,"href":"http:\/\/trentengermusek.org\/new\/wp-json\/wp\/v2\/pages\/39\/revisions\/790"}],"wp:attachment":[{"href":"http:\/\/trentengermusek.org\/new\/wp-json\/wp\/v2\/media?parent=39"}],"curies":[{"name":"wp","href":"https:\/\/api.w.org\/{rel}","templated":true}]}}