{"id":384,"date":"2018-09-17T11:09:20","date_gmt":"2018-09-17T09:09:20","guid":{"rendered":"http:\/\/trentengermusek.org\/new\/?page_id=384"},"modified":"2018-09-17T11:19:59","modified_gmt":"2018-09-17T09:19:59","slug":"kiischtentreppler","status":"publish","type":"page","link":"http:\/\/trentengermusek.org\/new\/musikanten\/kiischtentreppler\/","title":{"rendered":"Kiischtentr\u00ebppler"},"content":{"rendered":"<h2>\nKiischtentr\u00ebppler Tr\u00ebnteng<\/h2>\n<p>Am Joer 1990 huet sech an der Tr\u00ebntenger Musek \u00ebnnert dem Impuls vum Ren\u00e9 Glodt a Ren\u00e9 Airoldi, Musikanten a Marscheuren, eng Wandersektioun gebillt. Well mir jo am Kiischtendall sinn, war den Numm \u201eKiischtentr\u00ebppler\u201c och s\u00e9ier fonnt. Den 1. Internationale Marsch war de 27. Abr\u00ebll 1991 zu Waldbriedemes am Centre Culturel Jos Rennel. Vum Joer 1992 un, sinn all Joer 2 M\u00e4rsch organis\u00e9iert ginn. No uf\u00e4nglecher Euphorie besteet d\u2018Marschsektioun haut aus ongef\u00e9ier 20 Memberen, wouvun der ca. 12-15 reegelm\u00e9isseg wandere ginn. D\u00ebs Membere k\u00ebnnen awer och un deenen aneren Aktivit\u00e9iten, Ausflich a Feiere vun der Musek deelhuelen. Well d\u2018Tr\u00ebntenger Musek z\u00ebnter 1945 e Kiischtefest organis\u00e9iert huet, ass de Sonndesmarsch an d\u2018Kiischtefest int\u00e9gr\u00e9iert ginn. Am Contraire zu villen anere M\u00e4rsch, g\u00ebtt vill Animatioun gebueden. D\u00e9i \u00e9ischt Jore war Samschdes nach e Bal am Festzelt mat verschiddenen Orchesteren. Fir awer moies um 7.00 Auer schonn er\u00ebm prett ze sinn, sinn Nuetsschichten ageluet ginn fir ze botzen. Vun 2004 un, ass nom Amenagement vun der Duerfplaz bei der Gemeng, de Marsch an d\u2018Kiischtefest als \u201eOpen Air\u201c organis\u00e9iert ginn. Fir zu Tr\u00ebnteng Strecken ze fannen, d\u00e9i net direkt biergop ginn, ass bal onm\u00e9iglechh, well mir vun 3 S\u00e4ite vu Bierger \u00ebmgi sinn, sou dass et bal ni een einfache Marsch ass. No villem Sichen, fanne mir dann och 5 Kilometerstrecke mat Rondgang, dee Poussetten- oder Rollstullgerecht ass. Um Kiischtefestsmarsch hu mir bis 900 Leit d\u00e9i deelhuelen. Den 2. Joresmarsch dee mir organis\u00e9ieren ass Samschdes am September-Oktober zu Bous an der Sportshal. Do hu mir jee no Wierder zw\u00ebschen 300 a 500 Participanten. Niewent d\u00ebsen 2 Wanderungen ass eise Ver\u00e4in awer z\u00ebnter 2012 och zoust\u00e4nneg fir 2 Permanentwanderwee\u00ebn zu R\u00e9imech an zu R\u00ebmerschen. <\/p>\n<p style=\"text-align: center;\">Mir soen allen Wanderer, d\u00e9i \u00e4is an all deene Joren \u00ebnnerst\u00ebtzt hunn villmools Merci. Wann Dir Loscht hutt, wanderen ze goen an eisem sch\u00e9ine Kiischtendall an an engem Ver\u00e4in aktiv ze ginn, da mellt Iech. Mir si frou fir all neie Wanderer.<\/p>\n<p>\t\t<img loading=\"lazy\" decoding=\"async\" width=\"300\" height=\"211\" src=\"http:\/\/trentengermusek.org\/new\/wp-content\/uploads\/2018\/09\/kiichtentreppler-300x211.jpg\" alt=\"\" srcset=\"http:\/\/trentengermusek.org\/new\/wp-content\/uploads\/2018\/09\/kiichtentreppler-300x211.jpg 300w, http:\/\/trentengermusek.org\/new\/wp-content\/uploads\/2018\/09\/kiichtentreppler-230x162.jpg 230w, http:\/\/trentengermusek.org\/new\/wp-content\/uploads\/2018\/09\/kiichtentreppler-350x246.jpg 350w, http:\/\/trentengermusek.org\/new\/wp-content\/uploads\/2018\/09\/kiichtentreppler-480x338.jpg 480w, http:\/\/trentengermusek.org\/new\/wp-content\/uploads\/2018\/09\/kiichtentreppler.jpg 601w\" sizes=\"auto, (max-width: 300px) 100vw, 300px\" \/>\t\t<\/p>\n","protected":false},"excerpt":{"rendered":"<p>Kiischtentr\u00ebppler Tr\u00ebnteng Am Joer 1990 huet sech an der Tr\u00ebntenger Musek \u00ebnnert dem Impuls vum Ren\u00e9 Glodt a Ren\u00e9 Airoldi, Musikanten a Marscheuren, eng Wandersektioun gebillt. Well mir jo am Kiischtendall sinn, war den Numm \u201eKiischtentr\u00ebppler\u201c och s\u00e9ier fonnt. Den 1. Internationale Marsch war de 27. Abr\u00ebll 1991 zu Waldbriedemes am Centre Culturel Jos Rennel. \u2026<\/p>\n","protected":false},"author":1,"featured_media":0,"parent":37,"menu_order":0,"comment_status":"closed","ping_status":"closed","template":"","meta":{"footnotes":""},"class_list":["post-384","page","type-page","status-publish","hentry"],"_links":{"self":[{"href":"http:\/\/trentengermusek.org\/new\/wp-json\/wp\/v2\/pages\/384","targetHints":{"allow":["GET"]}}],"collection":[{"href":"http:\/\/trentengermusek.org\/new\/wp-json\/wp\/v2\/pages"}],"about":[{"href":"http:\/\/trentengermusek.org\/new\/wp-json\/wp\/v2\/types\/page"}],"author":[{"embeddable":true,"href":"http:\/\/trentengermusek.org\/new\/wp-json\/wp\/v2\/users\/1"}],"replies":[{"embeddable":true,"href":"http:\/\/trentengermusek.org\/new\/wp-json\/wp\/v2\/comments?post=384"}],"version-history":[{"count":3,"href":"http:\/\/trentengermusek.org\/new\/wp-json\/wp\/v2\/pages\/384\/revisions"}],"predecessor-version":[{"id":392,"href":"http:\/\/trentengermusek.org\/new\/wp-json\/wp\/v2\/pages\/384\/revisions\/392"}],"up":[{"embeddable":true,"href":"http:\/\/trentengermusek.org\/new\/wp-json\/wp\/v2\/pages\/37"}],"wp:attachment":[{"href":"http:\/\/trentengermusek.org\/new\/wp-json\/wp\/v2\/media?parent=384"}],"curies":[{"name":"wp","href":"https:\/\/api.w.org\/{rel}","templated":true}]}}